{"id":58285,"date":"2024-10-28T16:16:54","date_gmt":"2024-10-28T16:16:54","guid":{"rendered":"https:\/\/oicex.org\/?page_id=58285"},"modified":"2024-10-28T18:28:36","modified_gmt":"2024-10-28T18:28:36","slug":"cookies-policy","status":"publish","type":"page","link":"https:\/\/oicex.org\/en\/cookies-policy\/","title":{"rendered":"Cookies Policy"},"content":{"rendered":"<div class=\"vgblk-rw-wrapper limit-wrapper\">\n\n\t<h4><strong>El apartado segundo del art\u00edculo 22 de la LSSI establece:<\/strong><\/h4>\n<p>2. Los prestadores de servicios podr\u00e1n utilizar dispositivos de almacenamiento y recuperaci\u00f3n de datos en equipos terminales de los destinatarios, a condici\u00f3n de que los mismos hayan dado su consentimiento despu\u00e9s de que se les haya facilitado informaci\u00f3n clara y completa sobre su utilizaci\u00f3n, en particular, sobre los fines del tratamiento de los datos, con arreglo a lo dispuesto en la Ley Org\u00e1nica 15\/1999, de 13 de diciembre, de Protecci\u00f3n de Datos de Car\u00e1cter Personal.<\/p>\n<p>Cuando sea t\u00e9cnicamente posible y eficaz, el consentimiento del destinatario para aceptar el tratamiento de los datos podr\u00e1 facilitarse mediante el uso de los par\u00e1metros adecuados del navegador o de otras aplicaciones, siempre que aqu\u00e9l deba proceder a su configuraci\u00f3n durante su instalaci\u00f3n o actualizaci\u00f3n mediante una acci\u00f3n expresa a tal efecto. Lo anterior no impedir\u00e1 el posible almacenamiento o acceso de \u00edndole t\u00e9cnica al solo fin de efectuar la transmisi\u00f3n de una comunicaci\u00f3n por una red de comunicaciones.<\/p>\n<h4>COOKIES<\/h4>\n<ol>\n<li><strong>Definici\u00f3n y funci\u00f3n de las cookies.<\/strong><\/li>\n<\/ol>\n<p>\u00bfQu\u00e9 son las cookies? Una cookie es un archivo que se descarga en su ordenador al acceder a determinadas p\u00e1ginas web. Las cookies permiten a una p\u00e1gina web, entre otras cosas, almacenar y recuperar informaci\u00f3n sobre los h\u00e1bitos de navegaci\u00f3n de un usuario o de su equipo y, dependiendo de la informaci\u00f3n que contengan y de la forma en que utilice su equipo, se pueden utilizar para reconocer al usuario.<\/p>\n<ol start=\"2\">\n<li><strong> \u00bfC\u00f3mo funcionan las cookies?<\/strong><\/li>\n<\/ol>\n<p>Las cookies s\u00f3lo pueden almacenar texto. No se almacenar\u00e1 informaci\u00f3n personal alguna en una cookie, ni pueden asociarse a una persona identificada o identificable. Los datos permiten que esta Web pueda mantener su informaci\u00f3n entre las p\u00e1ginas, y tambi\u00e9n para analizar la forma de interactuar con el sitio Web. Las cookies son seguras ya que s\u00f3lo pueden almacenar la informaci\u00f3n que se puso en su lugar por el navegador, lo que es informaci\u00f3n que el usuario ha introducido en el navegador o la que se incluye en la solicitud de p\u00e1gina. No puede ejecutar el c\u00f3digo y no se puede utilizar para acceder a su ordenador. Si una p\u00e1gina web cifra la informaci\u00f3n de la cookie, s\u00f3lo la p\u00e1gina web puede leer la informaci\u00f3n.<\/p>\n<ol start=\"3\">\n<li><strong> \u00bfQu\u00e9 tipos de cookies utiliza esta p\u00e1gina web?<\/strong><\/li>\n<\/ol>\n<p>Las cookies que utiliza esta p\u00e1gina Web se pueden distinguir seg\u00fan los siguientes criterios:<\/p>\n<p>a. Tipos de cookies seg\u00fan la entidad que las gestione.<\/p>\n<p>Cookies propias: Son aqu\u00e9llas que se env\u00edan al equipo terminal del usuario desde un equipo o dominio gestionado por el propio editor y desde el que se presta el servicio solicitado por el usuario.<\/p>\n<p>Cookies de tercero: Son aqu\u00e9llas que se env\u00edan al equipo terminal del usuario desde un equipo o dominio que no es gestionado por el editor, sino por otra entidad que trata los datos obtenidos trav\u00e9s de las cookies.<\/p>\n<p>En el caso de que las cookies sean instaladas desde un equipo o dominio gestionado por el propio editor pero la informaci\u00f3n que se recoja mediante \u00e9stas sea gestionada por un tercero, no pueden ser consideradas como cookies propias.<\/p>\n<p>b. Tipos de cookies seg\u00fan el plazo de tiempo que permanecen activadas.<\/p>\n<p>Cookies de sesi\u00f3n: Son un tipo de cookies dise\u00f1adas para recabar y almacenar datos mientras el usuario accede a una p\u00e1gina web. Se suelen emplear para almacenar informaci\u00f3n que solo interesa conservar para la prestaci\u00f3n del servicio solicitado por el usuario en una sola ocasi\u00f3n.<\/p>\n<p>Cookies persistentes: Son un tipo de cookies en el que los datos siguen almacenados en el terminal y pueden ser accedidos y tratados durante un periodo definido por el responsable de la cookie, y que puede ir de unos minutos a varios a\u00f1os.<\/p>\n<p>c. Tipos de cookies seg\u00fan su finalidad<\/p>\n<p>Cookies t\u00e9cnicas: Son aqu\u00e9llas que permiten al usuario la navegaci\u00f3n a trav\u00e9s de una p\u00e1gina web, plataforma o aplicaci\u00f3n y la utilizaci\u00f3n de las diferentes opciones o servicios que en ella existan como, por ejemplo, controlar el tr\u00e1fico y la comunicaci\u00f3n de datos, identificar la sesi\u00f3n, acceder a partes de acceso restringido, recordar los elementos que integran un pedido, realizar el proceso de compra de un pedido, realizar la solicitud de inscripci\u00f3n o participaci\u00f3n en un evento, utilizar elementos de seguridad durante la navegaci\u00f3n, almacenar contenidos para la difusi\u00f3n de videos o sonido o compartir contenidos a trav\u00e9s de redes sociales.<\/p>\n<p>Cookies de personalizaci\u00f3n: Son aqu\u00e9llas que permiten al usuario acceder al servicio con algunas caracter\u00edsticas de car\u00e1cter general predefinidas en funci\u00f3n de una serie de criterios en el terminal del usuario.<\/p>\n<p>Cookies de an\u00e1lisis: Son aqu\u00e9llas que permiten al responsable de las mismas, el seguimiento y an\u00e1lisis del comportamiento de los usuarios de los sitios web a los que est\u00e1n vinculadas. La informaci\u00f3n recogida mediante este tipo de cookies se utiliza en la medici\u00f3n de la actividad de los sitios web, aplicaci\u00f3n o plataforma y para la elaboraci\u00f3n de perfiles de navegaci\u00f3n de los usuarios de dichos sitios, aplicaciones y plataformas, con el fin de introducir mejoras en funci\u00f3n del an\u00e1lisis de los datos de uso que hacen los usuarios del servicio.<\/p>\n<ol start=\"4\">\n<li><strong>Forma de desactivar o eliminar las cookies<\/strong><\/li>\n<\/ol>\n<p>Usted puede permitir, bloquear o eliminar las cookies instaladas en su equipo mediante la configuraci\u00f3n de las opciones del navegador instalado en su ordenador. En caso de que no acepte las cookies es posible que la p\u00e1gina web no funcione correctamente.<\/p>\n<ol start=\"5\">\n<li><strong> Informaci\u00f3n sobre la identificaci\u00f3n de quien utiliza las cookies<\/strong><\/li>\n<\/ol>\n<p>Es decir si la informaci\u00f3n obtenida por las cookies es tratada solo por el editor, es decir, cualquier entidad prestadora de servicios de la sociedad de informaci\u00f3n titular de la pagina web a los que se puede acceder un usuario y para cuya prestaci\u00f3n se utilizan cookies, y\/o tambi\u00e9n por terceros con los que el editor a contratado la prestaci\u00f3n de un servicio para el cual se requiere el uso de cookies, con identificaci\u00f3n de estos \u00faltimos.<\/p>\n<ol start=\"6\">\n<li><strong> Consentimiento informado.<\/strong><\/li>\n<\/ol>\n<p>La utilizaci\u00f3n de la presente p\u00e1gina Web por su parte, implica que Vd. presta su consentimiento expreso e inequ\u00edvoco a la utilizaci\u00f3n de cookies, en los t\u00e9rminos y condiciones previstos en esta Pol\u00edtica de Cookies, sin perjuicio de las medidas de activaci\u00f3n y eliminaci\u00f3n de las cookies que Vd. pueda adoptar.<\/p>\n\n<\/div><!-- .vgblk-rw-wrapper -->","protected":false},"excerpt":{"rendered":"<p>El apartado segundo del art\u00edculo 22 de la LSSI establece: 2. Los prestadores de servicios podr\u00e1n utilizar dispositivos de almacenamiento y recuperaci\u00f3n de datos en equipos terminales de los destinatarios, a condici\u00f3n de que los mismos hayan dado su consentimiento despu\u00e9s de que se les haya facilitado informaci\u00f3n clara y completa sobre su utilizaci\u00f3n, en&#8230;<\/p>\n","protected":false},"author":2,"featured_media":0,"parent":0,"menu_order":0,"comment_status":"closed","ping_status":"closed","template":"","meta":{"footnotes":""},"class_list":["post-58285","page","type-page","status-publish","hentry"],"jetpack_sharing_enabled":true,"_links":{"self":[{"href":"https:\/\/oicex.org\/en\/wp-json\/wp\/v2\/pages\/58285","targetHints":{"allow":["GET"]}}],"collection":[{"href":"https:\/\/oicex.org\/en\/wp-json\/wp\/v2\/pages"}],"about":[{"href":"https:\/\/oicex.org\/en\/wp-json\/wp\/v2\/types\/page"}],"author":[{"embeddable":true,"href":"https:\/\/oicex.org\/en\/wp-json\/wp\/v2\/users\/2"}],"replies":[{"embeddable":true,"href":"https:\/\/oicex.org\/en\/wp-json\/wp\/v2\/comments?post=58285"}],"version-history":[{"count":1,"href":"https:\/\/oicex.org\/en\/wp-json\/wp\/v2\/pages\/58285\/revisions"}],"predecessor-version":[{"id":58383,"href":"https:\/\/oicex.org\/en\/wp-json\/wp\/v2\/pages\/58285\/revisions\/58383"}],"wp:attachment":[{"href":"https:\/\/oicex.org\/en\/wp-json\/wp\/v2\/media?parent=58285"}],"curies":[{"name":"wp","href":"https:\/\/api.w.org\/{rel}","templated":true}]}}