{"id":58291,"date":"2019-03-11T19:46:27","date_gmt":"2019-03-11T19:46:27","guid":{"rendered":"https:\/\/oicex.org\/politica-de-privacidad\/"},"modified":"2024-10-28T18:52:40","modified_gmt":"2024-10-28T18:52:40","slug":"privacy-policy","status":"publish","type":"page","link":"https:\/\/oicex.org\/en\/privacy-policy\/","title":{"rendered":"Privacy Policy"},"content":{"rendered":"<div class=\"vgblk-rw-wrapper limit-wrapper\">Todo aquel que navegue en este sitio web\u00a0 (en lo sucesivo, la \u201cweb\u201d) ser\u00e1 considerado usuario. La mera navegaci\u00f3n en la web implica la aceptaci\u00f3n sin reservas por el usuario de la presente Pol\u00edtica de Privacidad, de las Condiciones de Uso de la web y de la Pol\u00edtica de Cookies. Por tanto, el usuario debe leer detenidamente dichos textos legales antes de continuar navegando en la web y, si no est\u00e1 de acuerdo con ellos, dejar de hacerlo.<\/p>\n<p>La Asociaci\u00f3n se reserva el derecho de modificar, en cualquier momento, la presente Pol\u00edtica de Privacidad, as\u00ed como las Condiciones de Uso de la web y la Pol\u00edtica de Cookies para adaptarlas a la normativa vigente, por lo que se recomienda al usuario y a todo interesado que revise peri\u00f3dicamente estos textos legales para estar informado sobre el tratamiento de sus datos por Asociaci\u00f3n y sobre las normas de uso de la web.<\/p>\n<p>&nbsp;<\/p>\n<h4>\u00bfQui\u00e9n es el responsable del tratamiento de tus datos personales?<\/h4>\n<p style=\"padding-left: 30px;\">OBSERVATORIO IBEROAMERICANO DE COMERCIO EXTERIOR<\/p>\n<p style=\"padding-left: 30px;\">Calle Vel\u00e1zquez N\u00ba 53, 2\u00ba Izq. 28001 Madrid<\/p>\n<p style=\"padding-left: 30px;\">N.I.F.: G86848447<\/p>\n<h4>\u00bfQu\u00e9 tipo de datos personales recopilamos y tratamos?<\/h4>\n<p>Para contratar nuestros servicios, solicitar informaci\u00f3n o publicidad, descargarse recursos gratuitos, suscribirse a eventos y al blog de la firma, ser\u00e1 necesario introducir los datos identificativos solicitados. Tambi\u00e9n ser\u00e1 necesaria la aceptaci\u00f3n de la Pol\u00edtica de Privacidad y de Condiciones de Uso de la web. Por ello, se recomienda al usuario que, con car\u00e1cter previo, lea detenidamente los referidos textos legales.<\/p>\n<p>De no proporcionarse los datos personales solicitados y de no aceptar los referidos textos legales no se podr\u00e1 ejecutar el contrato o la petici\u00f3n del usuario.<\/p>\n<p>La Asociaci\u00f3n tambi\u00e9n recopila datos identificativos y bancarios a trav\u00e9s de correo electr\u00f3nico y de formularios de sus clientes, proveedores, prestadores de servicios, candidatos a procesos de selecci\u00f3n y contactos, necesarios para ejecutar el contrato o la petici\u00f3n del usuario o interesado.<\/p>\n<p>Con motivo del servicio de consultor\u00eda que presta Asociaci\u00f3n, es posible que el usuario o interesado proporcione otro tipo de datos como, as\u00ed como datos.<\/p>\n<p>La Asociaci\u00f3n tambi\u00e9n accede a la informaci\u00f3n disponible de los usuarios que siguen sus cuentas y perfiles en redes sociales.<\/p>\n<p>Finalmente, la Asociaci\u00f3n recaba datos a trav\u00e9s de las cookies o dispositivos de almacenamiento y recuperaci\u00f3n de datos sobre navegaci\u00f3n y uso que haces de nuestra web como, por ejemplo, la versi\u00f3n del navegador, la direcci\u00f3n IP desde la que te conectas, las p\u00e1ginas o secciones de la plataforma que visitas o del terminal desde el que te conectas&#8230; Puedes consultar m\u00e1s informaci\u00f3n en nuestra Pol\u00edtica de Cookies.<\/p>\n<p>En todo caso, la Asociaci\u00f3n ha adoptado las medidas t\u00e9cnicas y organizativas para mantener la seguridad de sus datos, al objeto de evitar, en la medida de lo posible y seg\u00fan el estado de la t\u00e9cnica, su alteraci\u00f3n, p\u00e9rdida, tratamiento o acceso no autorizado.<\/p>\n<h4>\u00bfCon qu\u00e9 finalidad tratamos sus datos?<\/h4>\n<p>La Asociaci\u00f3n trata la informaci\u00f3n facilitada por los usuarios o interesados con el fin de prestar el servicio solicitado, ejecutar un contrato suscrito, tareas administrativas y de gesti\u00f3n de cobros y pagos, proporcionar informaci\u00f3n solicitada y, en caso de que haya dado su consentimiento, para procesos de selecci\u00f3n o para enviar publicidad, recursos gratuitos, informaci\u00f3n sobre actividades y art\u00edculos o noticias del blog de la firma.<\/p>\n<p>Adem\u00e1s, se tratan los datos de los usuarios que nos siguen en nuestras cuentas y perfiles de las redes sociales con el fin de interactuar con la firma, al objeto de responder sus consultas o comentarios.<\/p>\n<p>La Asociaci\u00f3n no adopta decisiones automatizadas en relaci\u00f3n a los datos personales proporcionados.<\/p>\n<h4>\u00bfDe d\u00f3nde proceden los datos que tratamos?<\/h4>\n<p>Los datos personales que trata la Asociaci\u00f3n proceden del propio usuario o interesado, as\u00ed como de las cookies o dispositivos de almacenamiento y recuperaci\u00f3n de datos, de fuentes p\u00fablicas o de redes sociales.<\/p>\n<p>El usuario o interesado solo podr\u00e1 proporcionar datos personales de un tercero si previamente ha obtenido su consentimiento expreso y le ha informado adecuadamente sobre la finalidad del tratamiento, siendo el usuario o interesado el \u00fanico responsable de no haber obtenido el referido consentimiento expreso e informado del mismo, salvo en lo relativo al ejercicio de sus derechos e intereses leg\u00edtimos.<\/p>\n<h4>\u00bfCu\u00e1l es la legitimaci\u00f3n para el tratamiento de sus datos?<\/h4>\n<p>Para solicitar informaci\u00f3n, recursos gratuitos y publicidad, para suscribirse a actividades y al blog de la firma o para facilitarnos su curriculum vitae, el usuario deber\u00e1 consentir expresamente la Pol\u00edtica de Privacidad y las Condiciones de Uso para que la Asociaci\u00f3n pueda tratar sus datos personales, lo que constituir\u00e1 la base legal para su tratamiento.<\/p>\n<p>Para la prestaci\u00f3n del servicio, podr\u00e1 ser necesario la suscripci\u00f3n de un contrato u hoja de encargo con la Asociaci\u00f3n, siendo esta relaci\u00f3n contractual la base que legitima a la Asociaci\u00f3n para el tratamiento de los datos personales.<\/p>\n<p>Asimismo, los profesionales de la Asociaci\u00f3n tratan datos personales de la contraparte con fines de asesoramiento y consultor\u00eda de sus clientes.<\/p>\n<h4>\u00bfPor cu\u00e1nto tiempo conservaremos sus datos?<\/h4>\n<p>Los datos personales proporcionados se conservar\u00e1n durante el tiempo estrictamente necesario para las finalidades del tratamiento para cuyo uso hayan sido proporcionados, siempre que el usuario o interesado no haya revocado su consentimiento.<\/p>\n<p>En cualquier caso, cuando el uso de los datos proporcionados no sea necesario, los datos permanecer\u00e1n bloqueados, quedando a disposici\u00f3n de las autoridades competentes durante a los efectos de atender posibles responsabilidades legales. Transcurrido ese plazo, se proceder\u00e1 a la eliminaci\u00f3n de los datos.<\/p>\n<h4>\u00bfA qu\u00e9 destinatarios se comunicar\u00e1n sus datos?<\/h4>\n<p>Los datos no se ceder\u00e1n a otras personas ajenas a la Asociaci\u00f3n, salvo aquellas comunicaciones de datos que sean obligatorias para el cumplimiento de nuestras obligaciones legales o necesarias para la prestaci\u00f3n del servicio o petici\u00f3n solicitada como, por ejemplo, para la gesti\u00f3n bancaria, servicio de mensajer\u00eda, etc.<\/p>\n<p>Asimismo, con el fin de prestar los servicios de consultor\u00eda solicitados, la Asociaci\u00f3n podr\u00e1 comunicar sus datos a Instituciones o \u00a0Administraciones P\u00fablicas, as\u00ed como a otros profesionales que deban intervenir, en su caso.<\/p>\n<p>La Asociaci\u00f3n no tiene previsto transferir datos personales a terceros pa\u00edses ni a organizaciones internacionales.<\/p>\n<h4>\u00bfCu\u00e1les son sus derechos cuando nos facilita sus datos?<\/h4>\n<p>Con car\u00e1cter general, cualquier interesado puede ejercer sus derechos de:<\/p>\n<p style=\"padding-left: 30px;\">&#8211; Acceso, con el fin de que la Asociaci\u00f3n le confirme si est\u00e1 tratando sus datos personales.<\/p>\n<p style=\"padding-left: 30px;\">&#8211; Rectificaci\u00f3n de los datos personales inexactos.<\/p>\n<p style=\"padding-left: 30px;\">&#8211; Supresi\u00f3n de sus datos en determinados supuestos como, por ejemplo, cuando ya no sean necesarios para los fines para los que fueron recogidos.<\/p>\n<p style=\"padding-left: 30px;\">&#8211; Limitar el tratamiento de sus datos en ciertos casos como, por ejemplo, cuando el interesado impugne la exactitud de sus datos. En tal caso, la Asociaci\u00f3n dejar\u00e1 de tratar los datos, salvo por motivos de inter\u00e9s p\u00fablico, para el cumplimiento de una obligaci\u00f3n legal o para la formulaci\u00f3n, ejercicio y defensa de reclamaciones.<\/p>\n<p style=\"padding-left: 30px;\">&#8211; Portabilidad de los datos cuando el tratamiento est\u00e9 basado en el consentimiento, en un contrato o se efect\u00fae por medios automatizados.<\/p>\n<p style=\"padding-left: 30px;\">&#8211; Oposici\u00f3n al tratamiento de sus datos, por motivos relacionados con su situaci\u00f3n particular, y a\u00a0 no ser objeto de decisiones basadas \u00fanicamente en el tratamiento automatizado de datos.<\/p>\n<p style=\"padding-left: 30px;\">&#8211; Revocar su consentimiento prestado para el tratamiento de sus datos con las finalidades indicadas. En el caso de la ejecuci\u00f3n del contrato de prestaci\u00f3n de servicios, la retirada de su consentimiento no podr\u00e1 condicionar dicha ejecuci\u00f3n, mientras el contrato se mantenga vigente, siendo necesario el tratamiento de sus datos para su efectivo cumplimiento.<\/p>\n<p>El ejercicio de estos derechos es personal\u00edsimo. Por ello, el interesado podr\u00e1 ejercer sus derechos ante Asociaci\u00f3n, a trav\u00e9s del correo electr\u00f3nico mediante comunicaci\u00f3n firmada por el mismo y adjuntando copia de su documento de identidad.<\/p>\n<p>El interesado tambi\u00e9n podr\u00e1 presentar una reclamaci\u00f3n ante la Agencia Espa\u00f1ola de Protecci\u00f3n de Datos, u autoridad competente, si entiende que Asociaci\u00f3n no ha atendido debidamente sus derechos o est\u00e1 vulnerando sus derechos de protecci\u00f3n de datos.<\/p>\n<h4>\u00bfC\u00f3mo puedes darte de baja en nuestra publicidad y\/o nuestro blog o newsletter?<\/h4>\n<p>El usuario o interesado podr\u00e1 revocar el consentimiento prestado y darse de baja, en cualquier momento, enviando un correo electr\u00f3nico con el texto \u201cNO PUBLICIDAD\u201d o \u201cNO NEWSLETTER\u201d a trav\u00e9s del correo electr\u00f3nico <a href=\"mailto:secretariado@localhost\">secretariado@localhost<\/a>.<\/p>\n<p>&nbsp;<\/p><\/div>\n<p><!-- .vgblk-rw-wrapper --><\/p>\n","protected":false},"excerpt":{"rendered":"<p>Todo aquel que navegue en este sitio web\u00a0 (en lo sucesivo, la \u201cweb\u201d) ser\u00e1 considerado usuario. La mera navegaci\u00f3n en la web implica la aceptaci\u00f3n sin reservas por el usuario de la presente Pol\u00edtica de Privacidad, de las Condiciones de Uso de la web y de la Pol\u00edtica de Cookies. Por tanto, el usuario debe&#8230;<\/p>\n","protected":false},"author":1,"featured_media":0,"parent":0,"menu_order":0,"comment_status":"closed","ping_status":"closed","template":"","meta":{"footnotes":""},"class_list":["post-58291","page","type-page","status-publish","hentry"],"jetpack_sharing_enabled":true,"_links":{"self":[{"href":"https:\/\/oicex.org\/en\/wp-json\/wp\/v2\/pages\/58291","targetHints":{"allow":["GET"]}}],"collection":[{"href":"https:\/\/oicex.org\/en\/wp-json\/wp\/v2\/pages"}],"about":[{"href":"https:\/\/oicex.org\/en\/wp-json\/wp\/v2\/types\/page"}],"author":[{"embeddable":true,"href":"https:\/\/oicex.org\/en\/wp-json\/wp\/v2\/users\/1"}],"replies":[{"embeddable":true,"href":"https:\/\/oicex.org\/en\/wp-json\/wp\/v2\/comments?post=58291"}],"version-history":[{"count":1,"href":"https:\/\/oicex.org\/en\/wp-json\/wp\/v2\/pages\/58291\/revisions"}],"predecessor-version":[{"id":58399,"href":"https:\/\/oicex.org\/en\/wp-json\/wp\/v2\/pages\/58291\/revisions\/58399"}],"wp:attachment":[{"href":"https:\/\/oicex.org\/en\/wp-json\/wp\/v2\/media?parent=58291"}],"curies":[{"name":"wp","href":"https:\/\/api.w.org\/{rel}","templated":true}]}}