{"id":59035,"date":"2018-08-29T13:01:56","date_gmt":"2018-08-29T13:01:56","guid":{"rendered":"https:\/\/oicex.org\/alianzas-entidades\/"},"modified":"2025-02-22T00:53:15","modified_gmt":"2025-02-22T00:53:15","slug":"alliances-affiliated-entities","status":"publish","type":"page","link":"https:\/\/oicex.org\/en\/alliances-affiliated-entities\/","title":{"rendered":"Alliances and affiliated entities"},"content":{"rendered":"<div class=\"vgblk-rw-wrapper limit-wrapper\">\n<h4>\n\tSTRATEGIC ALLIANCES\n\t<\/h4>\n\t\t\t\t\t\t\t<img data-recalc-dims=\"1\" loading=\"lazy\" decoding=\"async\" src=\"https:\/\/i0.wp.com\/oicex.org\/wp-content\/uploads\/2024\/10\/WTPF-logo-trans.png?resize=500%2C350&#038;ssl=1\" alt=\"World Trade Point Federation\" itemprop=\"image\" height=\"350\" width=\"500\" title=\"WTPF-logo-trans\" onerror=\"this.style.display='none'\" sizes=\"auto, (max-width: 768px) 100vw, 100vw\">\t\t\t\t\t\t\t\n\t\tWorld Trade Point Federation\n\t\t\t\t\t\t\t<img data-recalc-dims=\"1\" loading=\"lazy\" decoding=\"async\" src=\"https:\/\/i0.wp.com\/oicex.org\/wp-content\/uploads\/2024\/10\/catedra-SISD.jpg?resize=700%2C201&#038;ssl=1\" alt=\"C\u00e1tedra de Servicios de Inteligencia y Sistemas Democr\u00e1ticos. URJC\" itemprop=\"image\" height=\"201\" width=\"700\" title=\"catedra-SISD\" onerror=\"this.style.display='none'\" sizes=\"auto, (max-width: 768px) 100vw, 100vw\">\t\t\t\t\t\t\t\n\t\tC\u00e1tedra de Servicios de Inteligencia y Sistemas Democr\u00e1ticos. URJC\n\t\t\t\t\t\t\t<img data-recalc-dims=\"1\" loading=\"lazy\" decoding=\"async\" src=\"https:\/\/i0.wp.com\/oicex.org\/wp-content\/uploads\/2024\/10\/URJC_logo-ok.png?resize=400%2C153&#038;ssl=1\" alt=\"Universidad Rey Juan Carlos Madrid\" itemprop=\"image\" height=\"153\" width=\"400\" title=\"URJC_logo-ok\" onerror=\"this.style.display='none'\" sizes=\"auto, (max-width: 768px) 100vw, 100vw\" srcset=\"https:\/\/i0.wp.com\/oicex.org\/wp-content\/uploads\/2024\/10\/URJC_logo-ok.png?w=400&amp;ssl=1 400w, https:\/\/i0.wp.com\/oicex.org\/wp-content\/uploads\/2024\/10\/URJC_logo-ok.png?resize=300%2C115&amp;ssl=1 300w, https:\/\/i0.wp.com\/oicex.org\/wp-content\/uploads\/2024\/10\/URJC_logo-ok.png?resize=350%2C134&amp;ssl=1 350w\">\t\t\t\t\t\t\t\n\t\tUniversidad Rey Juan Carlos Madrid\n\t\t\t\t\t\t\t<img data-recalc-dims=\"1\" loading=\"lazy\" decoding=\"async\" src=\"https:\/\/i0.wp.com\/oicex.org\/wp-content\/uploads\/2019\/02\/UMM-lg.jpg?resize=150%2C80&#038;ssl=1\" alt=\"Universidad de la Marina Mercante\" itemprop=\"image\" height=\"80\" width=\"150\" title=\"UMM-lg\" onerror=\"this.style.display='none'\" sizes=\"auto, (max-width: 768px) 100vw, 100vw\">\t\t\t\t\t\t\t\n\t\tUniversidad de la Marina Mercante\n\t\t\t\t\t\t\t<img data-recalc-dims=\"1\" loading=\"lazy\" decoding=\"async\" src=\"https:\/\/i0.wp.com\/oicex.org\/wp-content\/uploads\/2025\/02\/madryn-1.png?resize=328%2C118&#038;ssl=1\" alt=\"Municipalidad de Puerto Madryn\" itemprop=\"image\" height=\"118\" width=\"328\" title=\"madryn\" onerror=\"this.style.display='none'\" sizes=\"auto, (max-width: 768px) 100vw, 100vw\" srcset=\"https:\/\/i0.wp.com\/oicex.org\/wp-content\/uploads\/2025\/02\/madryn-1.png?w=328&amp;ssl=1 328w, https:\/\/i0.wp.com\/oicex.org\/wp-content\/uploads\/2025\/02\/madryn-1.png?resize=300%2C108&amp;ssl=1 300w\">\t\t\t\t\t\t\t\n\t\tMunicipalidad de Puerto Madryn\n\t\t\t\t\t\t\t<img data-recalc-dims=\"1\" loading=\"lazy\" decoding=\"async\" src=\"https:\/\/i0.wp.com\/oicex.org\/wp-content\/uploads\/2025\/02\/logo-gla-w500-2-1.png?resize=500%2C178&#038;ssl=1\" alt=\"Global Legal Association\" itemprop=\"image\" height=\"178\" width=\"500\" title=\"logo-gla-w500-2\" onerror=\"this.style.display='none'\" sizes=\"auto, (max-width: 768px) 100vw, 100vw\" srcset=\"https:\/\/i0.wp.com\/oicex.org\/wp-content\/uploads\/2025\/02\/logo-gla-w500-2-1.png?w=500&amp;ssl=1 500w, https:\/\/i0.wp.com\/oicex.org\/wp-content\/uploads\/2025\/02\/logo-gla-w500-2-1.png?resize=300%2C107&amp;ssl=1 300w, https:\/\/i0.wp.com\/oicex.org\/wp-content\/uploads\/2025\/02\/logo-gla-w500-2-1.png?resize=466%2C166&amp;ssl=1 466w, https:\/\/i0.wp.com\/oicex.org\/wp-content\/uploads\/2025\/02\/logo-gla-w500-2-1.png?resize=350%2C125&amp;ssl=1 350w\">\t\t\t\t\t\t\t\n\t\tGlobal Legal Association\n\t\t\t\t\t\t\t<img data-recalc-dims=\"1\" loading=\"lazy\" decoding=\"async\" src=\"https:\/\/i0.wp.com\/oicex.org\/wp-content\/uploads\/2019\/03\/SECPC.jpg?resize=100%2C100&#038;ssl=1\" alt=\"Shanghai E-Commerce\nPromotion Center\" itemprop=\"image\" height=\"100\" width=\"100\" title=\"SECPC\" onerror=\"this.style.display='none'\" sizes=\"auto, (max-width: 768px) 100vw, 100vw\">\t\t\t\t\t\t\t\n\t\tShanghai E-Commerce\nPromotion Center\n\t\t\t\t\t\t\t<img data-recalc-dims=\"1\" loading=\"lazy\" decoding=\"async\" src=\"https:\/\/i0.wp.com\/oicex.org\/wp-content\/uploads\/2022\/11\/TradeTimesGroup.png?resize=228%2C70&#038;ssl=1\" alt=\"TradeTimes Group\" itemprop=\"image\" height=\"70\" width=\"228\" title=\"TradeTimesGroup\" onerror=\"this.style.display='none'\" sizes=\"auto, (max-width: 768px) 100vw, 100vw\">\t\t\t\t\t\t\t\n\t\tTradeTimes Group\n<h4>\n\tAFFILIATED ENTITIES\n\t<\/h4>\n\t\t\t\t\t\t\t<img data-recalc-dims=\"1\" loading=\"lazy\" decoding=\"async\" src=\"https:\/\/i0.wp.com\/oicex.org\/wp-content\/uploads\/2025\/02\/avex.jpg?resize=356%2C142&#038;ssl=1\" alt=\"Asociaci\u00f3n Venezolana de Exportadores\" itemprop=\"image\" height=\"142\" width=\"356\" title=\"avex\" onerror=\"this.style.display='none'\" sizes=\"auto, (max-width: 768px) 100vw, 100vw\" srcset=\"https:\/\/i0.wp.com\/oicex.org\/wp-content\/uploads\/2025\/02\/avex.jpg?w=356&amp;ssl=1 356w, https:\/\/i0.wp.com\/oicex.org\/wp-content\/uploads\/2025\/02\/avex.jpg?resize=300%2C120&amp;ssl=1 300w, https:\/\/i0.wp.com\/oicex.org\/wp-content\/uploads\/2025\/02\/avex.jpg?resize=350%2C140&amp;ssl=1 350w\">\t\t\t\t\t\t\t\n\t\tAsociaci\u00f3n Venezolana de Exportadores\n\t\t\t\t\t\t\t<img data-recalc-dims=\"1\" loading=\"lazy\" decoding=\"async\" src=\"https:\/\/i0.wp.com\/oicex.org\/wp-content\/uploads\/2025\/02\/cepba.jpg?resize=1184%2C289&#038;ssl=1\" alt=\"Confederaci\u00f3n Econ\u00f3mica de Buenos Aires\" itemprop=\"image\" height=\"289\" width=\"1184\" title=\"cepba\" onerror=\"this.style.display='none'\" sizes=\"auto, (max-width: 768px) 100vw, 100vw\" srcset=\"https:\/\/i0.wp.com\/oicex.org\/wp-content\/uploads\/2025\/02\/cepba.jpg?w=1184&amp;ssl=1 1184w, https:\/\/i0.wp.com\/oicex.org\/wp-content\/uploads\/2025\/02\/cepba.jpg?resize=300%2C73&amp;ssl=1 300w, https:\/\/i0.wp.com\/oicex.org\/wp-content\/uploads\/2025\/02\/cepba.jpg?resize=768%2C187&amp;ssl=1 768w, https:\/\/i0.wp.com\/oicex.org\/wp-content\/uploads\/2025\/02\/cepba.jpg?resize=700%2C171&amp;ssl=1 700w, https:\/\/i0.wp.com\/oicex.org\/wp-content\/uploads\/2025\/02\/cepba.jpg?resize=466%2C114&amp;ssl=1 466w, https:\/\/i0.wp.com\/oicex.org\/wp-content\/uploads\/2025\/02\/cepba.jpg?resize=933%2C228&amp;ssl=1 933w, https:\/\/i0.wp.com\/oicex.org\/wp-content\/uploads\/2025\/02\/cepba.jpg?resize=350%2C85&amp;ssl=1 350w\">\t\t\t\t\t\t\t\n\t\tConfederaci\u00f3n Econ\u00f3mica de Buenos Aires\n\t\t\t\t\t\t\t<img data-recalc-dims=\"1\" loading=\"lazy\" decoding=\"async\" src=\"https:\/\/i0.wp.com\/oicex.org\/wp-content\/uploads\/2025\/02\/ricce.jpg?resize=323%2C176&#038;ssl=1\" alt=\"Recovery Innovation Coordinator &amp; Center of Excellence\" itemprop=\"image\" height=\"176\" width=\"323\" title=\"ricce\" onerror=\"this.style.display='none'\" sizes=\"auto, (max-width: 768px) 100vw, 100vw\" srcset=\"https:\/\/i0.wp.com\/oicex.org\/wp-content\/uploads\/2025\/02\/ricce.jpg?w=323&amp;ssl=1 323w, https:\/\/i0.wp.com\/oicex.org\/wp-content\/uploads\/2025\/02\/ricce.jpg?resize=300%2C163&amp;ssl=1 300w\">\t\t\t\t\t\t\t\n\t\tRecovery Innovation Coordinator &amp; Center of Excellence\n\t\t\t\t\t\t\t<img data-recalc-dims=\"1\" loading=\"lazy\" decoding=\"async\" src=\"https:\/\/i0.wp.com\/oicex.org\/wp-content\/uploads\/2020\/06\/CECOMEX-375x110.png?resize=375%2C110&#038;ssl=1\" alt=\"Centro Especializado de Comercio Exterior\" itemprop=\"image\" height=\"110\" width=\"375\" title=\"Centro Especializado de Comercio Exterior\" onerror=\"this.style.display='none'\" sizes=\"auto, (max-width: 768px) 100vw, 100vw\" srcset=\"https:\/\/i0.wp.com\/oicex.org\/wp-content\/uploads\/2020\/06\/CECOMEX-375x110.png?resize=375%2C110&amp;ssl=1 375w, https:\/\/i0.wp.com\/oicex.org\/wp-content\/uploads\/2020\/06\/CECOMEX-375x110.png?resize=300%2C88&amp;ssl=1 300w, https:\/\/i0.wp.com\/oicex.org\/wp-content\/uploads\/2020\/06\/CECOMEX-375x110.png?resize=315%2C92&amp;ssl=1 315w\">\t\t\t\t\t\t\t\n\t\tCentro Especializado de Comercio Exterior\n\t\t\t\t\t\t\t<img data-recalc-dims=\"1\" loading=\"lazy\" decoding=\"async\" src=\"https:\/\/i0.wp.com\/oicex.org\/wp-content\/uploads\/2025\/02\/TP-Murcia-Asepio.jpg?resize=200%2C41&#038;ssl=1\" alt=\"Asociaci\u00f3n de Empresarios Murcia\" itemprop=\"image\" height=\"41\" width=\"200\" title=\"TP-Murcia-Asepio\" onerror=\"this.style.display='none'\" sizes=\"auto, (max-width: 768px) 100vw, 100vw\">\t\t\t\t\t\t\t\n\t\tAsociaci\u00f3n de Empresarios Murcia\n\t\t\t\t\t\t\t<img data-recalc-dims=\"1\" loading=\"lazy\" decoding=\"async\" src=\"https:\/\/i0.wp.com\/oicex.org\/wp-content\/uploads\/2025\/02\/verdant.png?resize=248%2C104&#038;ssl=1\" alt=\"Verdant\" itemprop=\"image\" height=\"104\" width=\"248\" title=\"verdant\" onerror=\"this.style.display='none'\" sizes=\"auto, (max-width: 768px) 100vw, 100vw\">\t\t\t\t\t\t\t\n\t\tVerdant\n<h4>\n\tPARTNER COMPANIES\n\t<\/h4>\n\t\t\t\t\t\t\t<img data-recalc-dims=\"1\" loading=\"lazy\" decoding=\"async\" src=\"https:\/\/i0.wp.com\/oicex.org\/wp-content\/uploads\/2020\/06\/GiraudCia-189x100.jpg?resize=189%2C100&#038;ssl=1\" alt=\"GiraudCia-189x100\" itemprop=\"image\" height=\"100\" width=\"189\" title=\"GiraudCia-189x100\" onerror=\"this.style.display='none'\" sizes=\"auto, (max-width: 768px) 100vw, 100vw\">\t\t\t\t\t\t\t\n\t\t\t\t\t\t\t<img data-recalc-dims=\"1\" loading=\"lazy\" decoding=\"async\" src=\"https:\/\/i0.wp.com\/oicex.org\/wp-content\/uploads\/2020\/06\/201-logo_200X100.jpg?resize=200%2C100&#038;ssl=1\" alt=\"201-logo_200X100\" itemprop=\"image\" height=\"100\" width=\"200\" title=\"201-logo_200X100\" onerror=\"this.style.display='none'\" sizes=\"auto, (max-width: 768px) 100vw, 100vw\">\t\t\t\t\t\t\t\n\t\t\t\t\t\t\t<img data-recalc-dims=\"1\" loading=\"lazy\" decoding=\"async\" src=\"https:\/\/i0.wp.com\/oicex.org\/wp-content\/uploads\/2020\/06\/Kmjiu-224x122.jpg?resize=224%2C122&#038;ssl=1\" alt=\"Kmjiu-224x122\" itemprop=\"image\" height=\"122\" width=\"224\" title=\"Kmjiu-224x122\" onerror=\"this.style.display='none'\" sizes=\"auto, (max-width: 768px) 100vw, 100vw\">\t\t\t\t\t\t\t\n\t\t\t\t\t\t\t<img data-recalc-dims=\"1\" loading=\"lazy\" decoding=\"async\" src=\"https:\/\/i0.wp.com\/oicex.org\/wp-content\/uploads\/2020\/06\/Vene-Embarques-232x81.jpg?resize=232%2C81&#038;ssl=1\" alt=\"Vene-Embarques-232x81\" itemprop=\"image\" height=\"81\" width=\"232\" title=\"Vene-Embarques-232x81\" onerror=\"this.style.display='none'\" sizes=\"auto, (max-width: 768px) 100vw, 100vw\">\t\t\t\t\t\t\t\n\t\t\t\t\t\t\t<img data-recalc-dims=\"1\" loading=\"lazy\" decoding=\"async\" src=\"https:\/\/i0.wp.com\/oicex.org\/wp-content\/uploads\/2020\/06\/Grupo-Lucas-194x100.jpg?resize=194%2C100&#038;ssl=1\" alt=\"Grupo-Lucas-194x100\" itemprop=\"image\" height=\"100\" width=\"194\" title=\"Grupo-Lucas-194x100\" onerror=\"this.style.display='none'\" sizes=\"auto, (max-width: 768px) 100vw, 100vw\">\t\t\t\t\t\t\t\n\t\t\t\t\t\t\t<img data-recalc-dims=\"1\" loading=\"lazy\" decoding=\"async\" src=\"https:\/\/i0.wp.com\/oicex.org\/wp-content\/uploads\/2020\/06\/Multiskill-200x83.jpg?resize=200%2C83&#038;ssl=1\" alt=\"Multiskill-200x83\" itemprop=\"image\" height=\"83\" width=\"200\" title=\"Multiskill-200x83\" onerror=\"this.style.display='none'\" sizes=\"auto, (max-width: 768px) 100vw, 100vw\">\t\t\t\t\t\t\t\n\t\t\t\t\t\t\t<img data-recalc-dims=\"1\" loading=\"lazy\" decoding=\"async\" src=\"https:\/\/i0.wp.com\/oicex.org\/wp-content\/uploads\/2020\/07\/ANOVA-MARINE-INSURANCE-200x112-1.jpg?resize=200%2C112&#038;ssl=1\" alt=\"ANOVA-MARINE-INSURANCE-200x112\" itemprop=\"image\" height=\"112\" width=\"200\" title=\"ANOVA-MARINE-INSURANCE-200x112\" onerror=\"this.style.display='none'\" sizes=\"auto, (max-width: 768px) 100vw, 100vw\">\t\t\t\t\t\t\t\n\t\t\t\t\t\t\t<img data-recalc-dims=\"1\" loading=\"lazy\" decoding=\"async\" src=\"https:\/\/i0.wp.com\/oicex.org\/wp-content\/uploads\/2020\/07\/grapes-holdings-200x75-1.jpg?resize=200%2C75&#038;ssl=1\" alt=\"grapes-holdings-200x75\" itemprop=\"image\" height=\"75\" width=\"200\" title=\"grapes-holdings-200x75\" onerror=\"this.style.display='none'\" sizes=\"auto, (max-width: 768px) 100vw, 100vw\">\n\n\n\n<p><\/p>\n<\/div><!-- .vgblk-rw-wrapper -->","protected":false},"excerpt":{"rendered":"<p>STRATEGIC ALLIANCES World Trade Point Federation C\u00e1tedra de Servicios de Inteligencia y Sistemas Democr\u00e1ticos. URJC Universidad Rey Juan Carlos Madrid Universidad de la Marina Mercante Municipalidad de Puerto Madryn Global Legal Association Shanghai E-Commerce Promotion Center TradeTimes Group AFFILIATED ENTITIES Asociaci\u00f3n Venezolana de Exportadores Confederaci\u00f3n Econ\u00f3mica de Buenos Aires Recovery Innovation Coordinator &amp; Center of&#8230;<\/p>\n","protected":false},"author":2,"featured_media":0,"parent":0,"menu_order":0,"comment_status":"closed","ping_status":"closed","template":"","meta":{"footnotes":""},"class_list":["post-59035","page","type-page","status-publish","hentry"],"jetpack_sharing_enabled":true,"_links":{"self":[{"href":"https:\/\/oicex.org\/en\/wp-json\/wp\/v2\/pages\/59035","targetHints":{"allow":["GET"]}}],"collection":[{"href":"https:\/\/oicex.org\/en\/wp-json\/wp\/v2\/pages"}],"about":[{"href":"https:\/\/oicex.org\/en\/wp-json\/wp\/v2\/types\/page"}],"author":[{"embeddable":true,"href":"https:\/\/oicex.org\/en\/wp-json\/wp\/v2\/users\/2"}],"replies":[{"embeddable":true,"href":"https:\/\/oicex.org\/en\/wp-json\/wp\/v2\/comments?post=59035"}],"version-history":[{"count":3,"href":"https:\/\/oicex.org\/en\/wp-json\/wp\/v2\/pages\/59035\/revisions"}],"predecessor-version":[{"id":59040,"href":"https:\/\/oicex.org\/en\/wp-json\/wp\/v2\/pages\/59035\/revisions\/59040"}],"wp:attachment":[{"href":"https:\/\/oicex.org\/en\/wp-json\/wp\/v2\/media?parent=59035"}],"curies":[{"name":"wp","href":"https:\/\/api.w.org\/{rel}","templated":true}]}}